{"id":704,"date":"2011-07-24T13:52:03","date_gmt":"2011-07-24T13:52:03","guid":{"rendered":"http:\/\/www.sihz.hr\/?page_id=704"},"modified":"2013-07-09T20:49:10","modified_gmt":"2013-07-09T19:49:10","slug":"zeljeznicki-fond","status":"publish","type":"page","link":"https:\/\/sihz.hr\/?page_id=704","title":{"rendered":"\u017deljezni\u010dki fond"},"content":{"rendered":"<div>\n<p>&nbsp;<\/p>\n<\/div>\n  <div class=\"associated-posts\">  \n    <div class=\"associated-post\">\n    <h3 class=\"post-title\">\n     <a href=\"https:\/\/sihz.hr\/?p=6777\" title=\"Done\u0161ene Izmjene i dopune Pravilnika o radu \u017deljezni\u010dkog fonda\">Done\u0161ene Izmjene i dopune Pravilnika o radu \u017deljezni\u010dkog fonda<\/a>\n    <\/h3>\n      \n        \n    <div class=\"post-excerpt\"><p>Na temelju \u010dlanka 11. Izjave o osnivanju Dru\u0161tva H\u017d Infrastruktura d.o.o., Uprava dru\u0161tva na 84. sjednici odr\u017eanoj 3. lipnja 2019. godine donijela je Pravilnik o izmjenama i dopunama Pravilnika o radu \u017deljezni\u010dkog Fonda. PRAVILNIK<\/p>\n<\/div>\n    \n      <\/div>\n    <div class=\"associated-post\">\n    <h3 class=\"post-title\">\n     <a href=\"https:\/\/sihz.hr\/?p=6748\" title=\"Sklopljen 4. Aneks Ugovora o radnopravnoj za\u0161titi radnika od poslovno uvjetovanih otkaza\">Sklopljen 4. Aneks Ugovora o radnopravnoj za\u0161titi radnika od poslovno uvjetovanih otkaza<\/a>\n    <\/h3>\n      \n        \n    <div class=\"post-excerpt\"><p>\u00a0Reprezentativni sindikati za kolektivno pregovaranje u dru\u0161tvima H\u017d Infrastruktura d.o.o., H\u017d Cargo d.o.o. i H\u017d Putni\u010dki prijevoz d.o.o. \u00a0i Uprave dru\u0161tava H\u017d Infrastruktura d.o.o., H\u017d Cargo d.o.o. \u00a0i H\u017d Putni\u010dki prijevoz d.o.o. (u daljnjem tekstu: stranke) sklopili su 4. ANEKS UGOVORA O RADNOPRAVNOJ ZA\u0160TITI RADNIKA OD POSLOVNO UVJETOVANIH OTKAZA &nbsp; \u010clanak 1. Stranke suglasno utvr\u0111uju [&hellip;]<\/p>\n<\/div>\n    \n      <\/div>\n    <div class=\"associated-post\">\n    <h3 class=\"post-title\">\n     <a href=\"https:\/\/sihz.hr\/?p=2920\" title=\"Nastavak rada \u017deljezni\u010dkog fonda\">Nastavak rada \u017deljezni\u010dkog fonda<\/a>\n    <\/h3>\n      \n        \n    <div class=\"post-excerpt\"><p>Temeljem Ugovora o radnopravnoj za\u0161titi radnika od poslovno uvjetovanih otkaza od 4. svibnja 2006. godine i odluke Uprave H\u017d Holdinga d.o.o. od 8. svibnja 2007. godine osnovan je \u017deljezni\u010dki fond kao jedan od modela dobrovoljnog zbrinjavanja vi\u0161ka radnika, a koji je bio organiziran u H\u017d Holdingu d.o.o. sve do prestanka tog dru\u0161tva 31. listopada 2012. [&hellip;]<\/p>\n<\/div>\n    \n      <\/div>\n    <div class=\"associated-post\">\n    <h3 class=\"post-title\">\n     <a href=\"https:\/\/sihz.hr\/?p=2737\" title=\"Svi akti \u017deljezni\u010dkog fonda\">Svi akti \u017deljezni\u010dkog fonda<\/a>\n    <\/h3>\n      \n        \n    <div class=\"post-excerpt\"><p>Pravilnik o radu \u017deljezni\u010dkog fonda Svi akti \u017deljezni\u010dkog fonda<\/p>\n<\/div>\n    \n      <\/div>\n    <div class=\"associated-post\">\n    <h3 class=\"post-title\">\n     <a href=\"https:\/\/sihz.hr\/?p=2704\" title=\"27.03.2013. &#8211; Sklopljen 3. Aneks Ugovora o radnopravnoj za\u0161titi radnika od poslovno uvjetovanih otkaza\">27.03.2013. &#8211; Sklopljen 3. Aneks Ugovora o radnopravnoj za\u0161titi radnika od poslovno uvjetovanih otkaza<\/a>\n    <\/h3>\n      \n        <div class=\"thumb-frame\">\n      <a href=\"https:\/\/sihz.hr\/?p=2704\" title=\"27.03.2013. &#8211; Sklopljen 3. Aneks Ugovora o radnopravnoj za\u0161titi radnika od poslovno uvjetovanih otkaza\">\n        \n      <\/a>\n    <\/div>\n        \n    <div class=\"post-excerpt\"><p>Reprezentativni sindikati za kolektivno pregovaranje u dru\u0161tvima H\u017d Infrastruktura d.o.o., H\u017d Putni\u010dki prijevoz d.o.o. i H\u017d Cargo d.o.o. i Uprave tih dru\u0161tava sklopili su nakon dugotrajnog postupka dogovaranja 3. Aneks Ugovora o radnopravnoj za\u0161titi radnika od poslovno uvjetovanih otkaza. Cilj sindikata je bio da se u \u0161to ve\u0107em obimu zadr\u017ee prava radnika ugovorena u prija\u0161njem [&hellip;]<\/p>\n<\/div>\n    \n        <div class=\"clear\"><\/div>\n      <\/div>\n    <div class=\"associated-post\">\n    <h3 class=\"post-title\">\n     <a href=\"https:\/\/sihz.hr\/?p=1121\" title=\"2. Aneks Ugovora o radnopravnoj za\u0161titi radnika od poslovno uvjetovanih otkaza\">2. Aneks Ugovora o radnopravnoj za\u0161titi radnika od poslovno uvjetovanih otkaza<\/a>\n    <\/h3>\n      \n        \n    <div class=\"post-excerpt\"><p>Sindikati s pravom na kolektivno pregovaranje u dru\u0161tvima H\u017d Holdinga d.o.o. i Uprave dru\u0161tava H\u017d Holdinga (u daljnjem tekstu: stranke) sklopili su 2. lipnja 2010. godine 2. ANEKS UGOVORA O RADNOPRAVNOJ ZA\u0160TITI RADNIKA OD POSLOVNO UVJETOVANIH OTKAZA \u010clanak 1. Stranke suglasno utvr\u0111uju da je 4. svibnja 2006. godine zaklju\u010den Ugovor o radnopravnoj za\u0161titi radnika od [&hellip;]<\/p>\n<\/div>\n    \n      <\/div>\n    <div class=\"associated-post\">\n    <h3 class=\"post-title\">\n     <a href=\"https:\/\/sihz.hr\/?p=1105\" title=\"Aneks Ugovora o radnopravnoj za\u0161titi radnika od poslovno uvjetovanih otkaza\">Aneks Ugovora o radnopravnoj za\u0161titi radnika od poslovno uvjetovanih otkaza<\/a>\n    <\/h3>\n      \n        \n    <div class=\"post-excerpt\"><p>Sindikati H\u017d s pravom na kolektivno pregovaranje i Uprave dru\u0161tava holdinga H\u017d (u daljnjem tekstu: stranke) sklopili su dana 31.07.2007. godine\u00a0 ANEKS UGOVORA O RADNOPRAVNOJ ZA\u0160TITI RADNIKA OD POSLOVNO UVJETOVANIH OTKAZA \u010clanak 1. Stranke su suglasne da se odredbe Ugovora o radno pravnoj za\u0161titi radnika od poslovno uvjetovanih otkaza (sklopljenog dana 4. svibnja 2006. godine) [&hellip;]<\/p>\n<\/div>\n    \n      <\/div>\n    <div class=\"associated-post\">\n    <h3 class=\"post-title\">\n     <a href=\"https:\/\/sihz.hr\/?p=1081\" title=\"Ugovor o radno pravnoj za\u0161titi radnika od poslovno uvjetovanih otkaza\">Ugovor o radno pravnoj za\u0161titi radnika od poslovno uvjetovanih otkaza<\/a>\n    <\/h3>\n      \n        \n    <div class=\"post-excerpt\"><p>Prilog 4 Temeljem Konvencije broj 87. 98. i 111. MOR-a, \u010dlanka 113. i 196. Zakona o radu a u svezi sa provedbom \u010dlanka 2. stavak 5. Zakona o podjeli trgova\u010dkog dru\u0161tva H\u017d \u2013 Hrvatske \u017eeljeznice d.o.o.\u00a0 Sindikati Hrvatskih \u017eeljeznica s pravom na kolektivno pregovaranje i Uprava H\u017d zaklju\u010dili su dana 04. svibnja 2006. godine UGOVOR [&hellip;]<\/p>\n<\/div>\n    \n      <\/div>\n    <\/div>\n\n","protected":false},"excerpt":{"rendered":"<p>&nbsp; Done\u0161ene Izmjene i dopune Pravilnika o radu \u017deljezni\u010dkog fonda Na temelju \u010dlanka 11. Izjave o osnivanju Dru\u0161tva H\u017d Infrastruktura d.o.o., Uprava dru\u0161tva na 84. sjednici odr\u017eanoj 3. lipnja 2019. godine donijela je Pravilnik o izmjenama i dopunama Pravilnika o radu \u017deljezni\u010dkog Fonda. PRAVILNIK Sklopljen 4. Aneks Ugovora o radnopravnoj za\u0161titi radnika od poslovno uvjetovanih [&hellip;]<\/p>\n","protected":false},"author":1,"featured_media":0,"parent":172,"menu_order":4,"comment_status":"closed","ping_status":"closed","template":"","meta":{"_links_to":"","_links_to_target":""},"_links":{"self":[{"href":"https:\/\/sihz.hr\/index.php?rest_route=\/wp\/v2\/pages\/704"}],"collection":[{"href":"https:\/\/sihz.hr\/index.php?rest_route=\/wp\/v2\/pages"}],"about":[{"href":"https:\/\/sihz.hr\/index.php?rest_route=\/wp\/v2\/types\/page"}],"author":[{"embeddable":true,"href":"https:\/\/sihz.hr\/index.php?rest_route=\/wp\/v2\/users\/1"}],"replies":[{"embeddable":true,"href":"https:\/\/sihz.hr\/index.php?rest_route=%2Fwp%2Fv2%2Fcomments&post=704"}],"version-history":[{"count":18,"href":"https:\/\/sihz.hr\/index.php?rest_route=\/wp\/v2\/pages\/704\/revisions"}],"predecessor-version":[{"id":2928,"href":"https:\/\/sihz.hr\/index.php?rest_route=\/wp\/v2\/pages\/704\/revisions\/2928"}],"up":[{"embeddable":true,"href":"https:\/\/sihz.hr\/index.php?rest_route=\/wp\/v2\/pages\/172"}],"wp:attachment":[{"href":"https:\/\/sihz.hr\/index.php?rest_route=%2Fwp%2Fv2%2Fmedia&parent=704"}],"curies":[{"name":"wp","href":"https:\/\/api.w.org\/{rel}","templated":true}]}}