{"id":360,"date":"2011-10-20T21:00:22","date_gmt":"2011-10-20T20:00:22","guid":{"rendered":"http:\/\/www.sihz.hr\/?page_id=360"},"modified":"2025-07-07T12:28:14","modified_gmt":"2025-07-07T11:28:14","slug":"kolektivni-ugovori","status":"publish","type":"page","link":"https:\/\/sihz.hr\/?page_id=360","title":{"rendered":"Kolektivni ugovori"},"content":{"rendered":"<p><\/p>\n<ul>\n<li><a href=\"https:\/\/sihz.hr\/wp-content\/uploads\/2024\/08\/Kolektivni-Ugovor-Drustva-Pruzne-gradevine-d.o.o_.pdf\" target=\"_blank\" rel=\"noopener noreferrer\">Kolektivni ugovor Pru\u017ene gra\u0111evine 2024.<\/a>\n<ul>\n<li><a href=\"https:\/\/sihz.hr\/wp-content\/uploads\/2025\/07\/II.Aneks-Kolektivnom-Ugovoru.pdf\" target=\"_blank\" rel=\"noopener\">Aneks kolektivnom ugovoru Pru\u017ene gra\u0111evine 2025.<\/a><\/li>\n<\/ul>\n<\/li>\n<li><a href=\"https:\/\/www.sihz.hr\/wp-content\/uploads\/2022\/07\/Kolektivni-ugovor_za-potpis_19072022.pdf\" target=\"_blank\" rel=\"noopener\">Kolektivni ugovor za H\u017d Infrastrukturu<\/a>\n<ul>\n<li><a href=\"http:\/\/www.sihz.hr\/wp-content\/uploads\/2022\/07\/PRILOG-1-19072022_za-potpis.pdf\" target=\"_blank\" rel=\"noopener\">Prilog 1<\/a><\/li>\n<li><a href=\"http:\/\/www.sihz.hr\/wp-content\/uploads\/2022\/07\/PRILOG-2_CIJENE-SATA-RADA_19072022_ZA-POTPIS.pdf\" target=\"_blank\" rel=\"noopener\">Prilog 2<\/a><\/li>\n<li><a href=\"http:\/\/www.sihz.hr\/wp-content\/uploads\/2022\/07\/PRILOG-3-za-potpis_19072022.pdf\" target=\"_blank\" rel=\"noopener\">Prilog 3<\/a><\/li>\n<li><a href=\"http:\/\/www.sihz.hr\/wp-content\/uploads\/2022\/07\/PRILOG-4-za-potpis_-19072022.pdf\" target=\"_blank\" rel=\"noopener\">Prilog 4<\/a><\/li>\n<li><a href=\"http:\/\/www.sihz.hr\/wp-content\/uploads\/2022\/07\/PRILOG-5-za-potpis_19072022.pdf\" target=\"_blank\" rel=\"noopener\">Prilog 5<\/a><\/li>\n<li><a href=\"http:\/\/www.sihz.hr\/wp-content\/uploads\/2022\/07\/PRILOG-6_-za-potpis_19072022.pdf\" target=\"_blank\" rel=\"noopener\">Prilog 6<\/a><\/li>\n<li><a href=\"http:\/\/www.sihz.hr\/wp-content\/uploads\/2022\/07\/PRILOG-6_-za-potpis_19072022.pdf\" target=\"_blank\" rel=\"noopener\">Prilog 7<\/a><\/li>\n<\/ul>\n<\/li>\n<li><a href=\"https:\/\/sihz.hr\/wp-content\/uploads\/2025\/06\/1.-Aneks-Kolektivnom-ugovoru-HZ-INFRASTRUKTURE-d.o.o.-Sluzbeni-vjesnik-br.-10-od-29.-8.-2023.pdf\">1. Aneks kolektivnom ugovoru H\u017d Infrastrukture<\/a><\/li>\n<li><a href=\"https:\/\/sihz.hr\/wp-content\/uploads\/2025\/06\/2.-Aneks-Kolektivnom-ugovoru-HZ-infrastrukture-d.o.o.pdf\">2. Aneks kolektivnom ugovoru H\u017d Infrastrukture<\/a><\/li>\n<li><a href=\"https:\/\/sihz.hr\/wp-content\/uploads\/2025\/06\/3.-Aneksa-KU-HZI-23.05.2025.pdf\">3. Aneks kolektivnom ugovoru H\u017d Infrastrukture<\/a><\/li>\n<\/ul>\n<p><\/p>\n\n\n<p><\/p>\n\r\n\r\n","protected":false},"excerpt":{"rendered":"<p>Kolektivni ugovor Pru\u017ene gra\u0111evine 2024. Aneks kolektivnom ugovoru Pru\u017ene gra\u0111evine 2025. Kolektivni ugovor za H\u017d Infrastrukturu Prilog 1 Prilog 2 Prilog 3 Prilog 4 Prilog 5 Prilog 6 Prilog 7 1. Aneks kolektivnom ugovoru H\u017d Infrastrukture 2. Aneks kolektivnom ugovoru H\u017d Infrastrukture 3. Aneks kolektivnom ugovoru H\u017d Infrastrukture<\/p>\n","protected":false},"author":1,"featured_media":0,"parent":158,"menu_order":1,"comment_status":"closed","ping_status":"closed","template":"","meta":{"_links_to":"","_links_to_target":""},"_links":{"self":[{"href":"https:\/\/sihz.hr\/index.php?rest_route=\/wp\/v2\/pages\/360"}],"collection":[{"href":"https:\/\/sihz.hr\/index.php?rest_route=\/wp\/v2\/pages"}],"about":[{"href":"https:\/\/sihz.hr\/index.php?rest_route=\/wp\/v2\/types\/page"}],"author":[{"embeddable":true,"href":"https:\/\/sihz.hr\/index.php?rest_route=\/wp\/v2\/users\/1"}],"replies":[{"embeddable":true,"href":"https:\/\/sihz.hr\/index.php?rest_route=%2Fwp%2Fv2%2Fcomments&post=360"}],"version-history":[{"count":39,"href":"https:\/\/sihz.hr\/index.php?rest_route=\/wp\/v2\/pages\/360\/revisions"}],"predecessor-version":[{"id":8886,"href":"https:\/\/sihz.hr\/index.php?rest_route=\/wp\/v2\/pages\/360\/revisions\/8886"}],"up":[{"embeddable":true,"href":"https:\/\/sihz.hr\/index.php?rest_route=\/wp\/v2\/pages\/158"}],"wp:attachment":[{"href":"https:\/\/sihz.hr\/index.php?rest_route=%2Fwp%2Fv2%2Fmedia&parent=360"}],"curies":[{"name":"wp","href":"https:\/\/api.w.org\/{rel}","templated":true}]}}