{"id":338,"date":"2011-07-23T17:07:42","date_gmt":"2011-07-23T17:07:42","guid":{"rendered":"http:\/\/www.sihz.hr\/?page_id=338"},"modified":"2026-04-01T20:55:21","modified_gmt":"2026-04-01T19:55:21","slug":"kontakt","status":"publish","type":"page","link":"https:\/\/sihz.hr\/?page_id=338","title":{"rendered":"Kontakti"},"content":{"rendered":"<p><strong>PREDSJEDNIK<\/strong>\u00a0\u00a0\u2013\u00a0\u00a0<strong>Slavko Proleta<\/strong><br \/>\nZagreb, Ulica kneza Branimira 6<br \/>\nmob. 098\/348 548, VPN 72892, 01\/378 31 78, tel. 01\/4534918 (\u017dAT 14918) fax. 01\/378 31 68<br \/>\ne-mail.\u00a0<a href=\"mailto:predsjednik1@sihz.hr\">predsjednik1@sihz.hr<\/a>;\u00a0<a href=\"mailto:Slavko.Proleta@hzinfra.hr\">Slavko.Proleta@hzinfra.hr<\/a>;\u00a0<a href=\"mailto:slavko.proleta@sihz.hr\">slavko.proleta@sihz.hr<\/a><\/p>\n<p><strong>ZAMJENIK PREDSJEDNIKA &#8211; Dragan Ga\u0161par<br \/>\n<\/strong><strong>Djelatnost gra\u0111evinskog odr\u017eavanja,dopredsjednik<br \/>\n<\/strong>Zagreb, Ulica kneza Branimira 6<br \/>\nmob. 098\/499-896, VPN 4028, mob. 098\/348 541, VPN 72890,<br \/>\ne-mail.\u00a0Dragan.Gaspar@hzinfra.hr,\u00a0<a href=\"mailto:dgasp39@gmail.com\">dgasp39@gmail.com<\/a><\/p>\n<p><strong>Djelatnost odr\u017eavanja SS i TK<\/strong><br \/>\n<strong>Zdravko Ku\u010dini\u0107, dopredsjednik<\/strong><br \/>\nOgulin, J. J. Strosmayera 10<br \/>\ntel. 047\/522 738<strong>,\u00a0<\/strong>mob. 099\/2705 688, VPN 72871<br \/>\ne-mail.\u00a0Zdravko.Kucinic@hzinfra.hr,\u00a0<a href=\"mailto:zkucinic2508@gmail.com\">zkucinic2508@gmail.com<\/a><\/p>\n<p><strong>Djelatnost odr\u017eavanja EEP<\/strong><br \/>\n<strong>\u017deljko Pribani\u0107, dopredsjednik<\/strong><br \/>\nRijeka, Kre\u0161imirova 1<br \/>\nmob. 098\/241 966, VPN 72896, tel. 051\/377 016<br \/>\ne-mail.\u00a0<a href=\"mailto:Zeljko.Pribanic@hzinfra.hr\">Zeljko.Pribanic@hzinfra.hr<\/a>;\u00a0<a href=\"mailto:jpriba12@gmail.com\">jpriba12@gmail.com<\/a><\/p>\n<p><strong>GLAVNI POVJERENICI PODRU\u017dNICA SINDIKATA<\/strong><\/p>\n<p><strong>KARLOVAC \u2013 Ivica Krne\u017ei\u0107, glavni povjerenik podru\u017enice<\/strong><br \/>\nKarlovac, Rajnerova 5<br \/>\nmob. 098\/348-501, VPN 72874, tel. 047\/600 572, fax. 047\/600 573<br \/>\ne-mail.\u00a0Ivica.Krnezic@hzinfra.hr;\u00a0<a href=\"mailto:krnezicivica@gmail.com\">krnezicivica@gmail.com<\/a><\/p>\n<p><strong>KOPRIVNICA \u2013 Marko Petri\u0107, glavni povjerenik podru\u017enice<\/strong><br \/>\nKoprivnica, Kri\u017eeva\u010dka 69<br \/>\nVPN 7205, Mob.098 248 695 ,e-mail.\u00a0Marko.Petric@hzinfra.hr<\/p>\n<p><strong>KNIN \u2013 Daroslav \u0110urik, glavni povjerenik podru\u017enice<\/strong><br \/>\nKnin, Trg Ante Star\u010devi\u0107a 1<br \/>\nMob:099 541 6012 i 095 909 2925, VPN 7762<br \/>\ne-mail.\u00a0<a href=\"mailto:Daroslav.Durik@hzinfra.hr\">Daroslav.Durik@hzinfra.hr<\/a><\/p>\n<p><strong>NOVSKA \u2013 Dalibor Drago\u010dajac, glavni povjerenik podru\u017enice,\u00a0<\/strong><strong>zamjenik dopredsjednika djelatnosti odr\u017eavanja EEP<\/strong><br \/>\nNovska, Dionica KM Novska, Kolodvorska 20<br \/>\nmob. 091\/164-9736,099 3741640, VPN 6033<br \/>\ne-mail.\u00a0<a href=\"mailto:dalibor.ddalibor10@gmail.com\" target=\"_blank\" rel=\"noopener\">dalibor.ddalibor10@<wbr \/>gmail.com<\/a><\/p>\n<p><strong>OGULIN \u2013 Igor Jeli\u0107, glavni povjerenik podru\u017enice<\/strong><br \/>\nOgulin, J.J. Strosmayera 10<br \/>\nmob. 098\/431 532, VPN 4566, tel. 047\/522 738<br \/>\ne-mail.\u00a0<a href=\"mailto:Igor.Jelic@hzinfra.hr\">Igor.Jelic@hzinfra.hr<\/a><\/p>\n<p><strong>OSIJEK \u2013 Vinko Kordi\u0107, glavni povjerenik podru\u017enice<\/strong><br \/>\nOsijek, Trg Lavoslava Ru\u017ei\u010dke 2<br \/>\nmob. 099\/273 0963, VPN 72862, tel. 031\/520 246<br \/>\nemail.\u00a0Vinko.Kordic@hzinfra.hr<\/p>\n<p><strong>POGONI INFRASTRUKTURE \u2013 Mladen O\u0161tarja\u0161, glavni povjerenik Podru\u017enice\u00a0<\/strong><br \/>\nZagreb, Ulica kneza Branimira 6<br \/>\nmob. 098\/596 010, VPN 2579<br \/>\ne-mail.\u00a0<a href=\"mailto:Mladen.Ostarjas@hzinfra.hr\">Mladen.Ostarjas@hzinfra.hr<\/a>;<\/p>\n<p><strong>PLO\u010cE \u2013 Dragan Vego, glavni povjerenik podru\u017enice<br \/>\n<\/strong>Plo\u010de, Trg kralja Tomislava 19<br \/>\nmob. 098\/348-534, VPN 72888, tel. 020\/685 193, fax. 020\/685 193<br \/>\ne-mail.\u00a0<a href=\"mailto:vegodragan@gmail.com\">vegodragan@gmail.com<\/a><\/p>\n<p><strong>PULA \u2013 Enio Macan, glavni povjerenik podru\u017enice<\/strong><br \/>\nPula, Tr\u0161\u0107anska 21<br \/>\ntel. 052\/634 625,mob.099 5423876, VPN 9052<br \/>\ne-mail.\u00a0<a href=\"mailto:eniomacan81@gmail.com\">eniomacan81@gmail.com<\/a>,\u00a0<a href=\"mailto:Enio.Macan@hzinfra.hr\">Enio.Macan@hzinfra.hr<\/a><\/p>\n<p><strong>RIJEKA \u2013 \u017deljko Pribani\u0107, glavni povjerenik podru\u017enice<\/strong><br \/>\nRijeka, Kre\u0161imirova 1<br \/>\nmob. 098\/241 966, VPN 72896, tel. 051\/377 016,<br \/>\ne-mail.\u00a0<a href=\"mailto:Zeljko.Pribanic@hzinfra.hr\">Zeljko.Pribanic@hzinfra.hr<\/a>;\u00a0<a href=\"mailto:jpriba12@gmail.com\">jpriba12@gmail.com<\/a><\/p>\n<p><strong>SLAVONSKI BROD \u2013 Amalija Danki\u0107, glavna povjerenica podru\u017enice<\/strong><br \/>\nSlavonski Brod, Trg kralja Tomislava 1<br \/>\ntel. 035\/277 434, mob. 0991683127 (VPN 2292)<br \/>\ne-mail.\u00a0<a href=\"mailto:Amalija.Dankic@hzinfra.hr\" target=\"_blank\" rel=\"noopener\">Amalija.Dankic@<wbr \/>hzinfra.hr<\/a><\/p>\n<p><strong>SISAK \u2013 Hrvoje Crnekovi\u0107, glavni povjerenik podru\u017enice<\/strong><br \/>\nSisak, Vatroslava Lisinskog 1<br \/>\nmob. 098\/551352, VPN 8002<br \/>\ne-mail.\u00a0<a href=\"mailto:hrvojecrnekovic@gmail.com\">hrvojecrnekovic@gmail.com;<\/a>\u00a0<a href=\"mailto:Hrvoje.Crnekovic@hzinfra.hr\">Hrvoje.Crnekovic@hzinfra.hr<\/a><\/p>\n<p><strong>SPLIT \u2013 Luka Runji\u0107, glavni povjerenik podru\u017enice<\/strong><br \/>\nSplit, Zlodrina poljana 21<br \/>\nmob. 098\/348-547, VPN 72891, tel. 021\/383 505, fax. 021\/490 233<br \/>\ne-mail.\u00a0<a href=\"mailto:split@sihz.hr\">split@sihz.hr<\/a>,\u00a0Luka.Runjic@hzinfra.hr,\u00a0<a href=\"mailto:lukarunjic@gmail.com\">lukarunjic@gmail.com<\/a><\/p>\n<p><strong>VINKOVCI \u2013\u00a0<\/strong><strong>Matija Valenti\u0107, glavni povjerenik podru\u017enice<br \/>\n<\/strong><strong>Zamjenik dopredsjednika djelatnosti gra\u0111evinskog odr\u017eavanja<br \/>\n<\/strong>Vinkovci, Trg kralja Tomislava bb<br \/>\nmob. 098 9747039, VPN 5252<strong><br \/>\n<\/strong>e- mail.\u00a0<a href=\"mailto:vinkovci@sihz.hr\" target=\"_blank\" rel=\"noopener\">vinkovci@sihz.hr<\/a>,\u00a0<a href=\"mailto:Matija.Valentic@hzinfra.hr\" target=\"_blank\" rel=\"noopener\">Matija<wbr \/>.Valentic@hzinfra.hr<\/a><\/p>\n<p><strong>VARA\u017dDIN \u2013 Nenad Trtinjak, glavni povjerenik podru\u017enice<\/strong><br \/>\nVara\u017edin, Matice Hrvatske 2<br \/>\nmob. 098\/348 499, VPN 72873, fax 042\/200 260<br \/>\ne-mail.\u00a0<a href=\"mailto:varazdin@sihz.hr\">varazdin@sihz.hr<\/a><\/p>\n<p><strong>ZAGREB I \u2013 Dalibor Mihaljevi\u0107, glavni povjerenik podru\u017enice<\/strong><br \/>\nZagreb, Ulica kneza Branimira 6<br \/>\nmob.098 241 717<br \/>\ne-mail.\u00a0<a href=\"mailto:Dalibor.Mihaljevic@hzinfra.hr\" target=\"_blank\" rel=\"noopener\">Dalibor.Mihaljevic@<wbr \/>hzinfra.hr<\/a><\/p>\n<p><strong>RADNI\u010cKA VIJE\u0106A \u2013 H\u017dI d.o.o.<br \/>\n<\/strong><strong>Radni\u010dko vije\u0107e regija Sjever<br \/>\n<\/strong><\/p>\n<p><strong>Marina Zadro \u2013 Sindikalni povjerenik u funkciji RV PRJ Sjever<\/strong><br \/>\nZagreb, Ulica kneza Branimira 6<br \/>\ntel: 378 31 78, fax: 378 31 68, mob:\u00a0099\/476 5237, VPN 72837<br \/>\ne-mail: <a href=\"mailto:sihz@sihz.hr\">sihz@sihz.hr<\/a><\/p>\n<p><strong>Radni\u010dko vije\u0107e regija Centar<br \/>\nKatarina \u010ca\u010di\u0107 \u2013 Sindikalni povjerenik u funkciji RV<br \/>\n<\/strong>Zagreb, Ulica kneza Branimira 6<br \/>\nmob. 0993046400, VPN 2022<br \/>\ne-mail. Katarina<a href=\"mailto:Mladen.Ostarjas@hzinfra.hr\" target=\"_blank\" rel=\"noopener\">.Cacic@hzinfra.hr;<\/a><\/p>\n<p><strong>Radni\u010dko vije\u0107e Regija Istok<br \/>\nMatija Valenti\u0107, Sindikalni povjerenik u funkciji RV<br \/>\n<\/strong><strong>Zamjenik dopredsjednika djelatnosti gra\u0111evinskog odr\u017eavanja<br \/>\n<\/strong>Vinkovci, Trg kralja Tomislava bb<br \/>\nmob. 098 9747039, VPN 5252<strong><br \/>\n<\/strong>e- mail.\u00a0<a href=\"mailto:vinkovci@sihz.hr\">vinkovci@sihz.hr<\/a>,\u00a0<a href=\"mailto:Matija.Valentic@hzinfra.hr\">Matija.Valentic@hzinfra.hr<\/a><\/p>\n<p><strong>Radni\u010dko vije\u0107e Regija Jug<\/strong><br \/>\n<strong>Mira Be\u0161i\u0107 Kosor, Sindikalni povjerenik u funkciji RV PRJ Jug<\/strong><br \/>\ne-mail: <a href=\"mailto:mira.besickosor@hzinfra.hr\">mira.besickosor@hzinfra.hr<\/a><br \/>\nmob: 098\/ 440 338, VPN 4163<\/p>\n<p><strong>Radni\u010dko vije\u0107e Regija Zapad<br \/>\n<\/strong><strong>Mirjana Konji\u0107, mag. iur. &#8211; Sindikalni povjerenik u funkciji RV<\/strong><br \/>\nZagreb, Ulica kneza Branimira 6<br \/>\nmob. 098\/348-533, VPN 72887, tel. 01\/378 31 49, fax. 01\/378 31 68<br \/>\ne-mail.\u00a0<a href=\"mailto:mirjanak@sihz.hr\">mirjanak@sihz.hr<\/a><\/p>\n<p><strong>KOORDINATORI \u00a0ZNR<\/strong><\/p>\n<p><strong>Dinko Bevanda<\/strong><br \/>\n<strong>Koordinator ZNR PRJ za odr\u017eavanje SS i TK sustava, EEP i KM Centar<\/strong><br \/>\nZagreb, Ulica kneza Branimira 6<br \/>\ntel: 378 31 78, fax: 378 31 68, mob: 098\/348 525, VPN 72885<br \/>\ne-mail:\u00a0<a href=\"mailto:dinkob@sihz.hr\">dinkob@sihz.hr<\/a>,\u00a0<a href=\"mailto:Dinko.Bevanda@hzinfra.hr\">Dinko.Bevanda@hzinfra.hr<\/a><\/p>\n<p><strong>Tomislav Kova\u010d<br \/>\n<\/strong><strong>Zamjenik dopredsjednika djelatnosti SS i TK<\/strong><br \/>\n<strong>Koordinator ZNR PRJ za odr\u017eavanje SS i TK sustava, EEP i KM Istok<br \/>\n<\/strong>Trg kralja Tomislava 5, 32 100 Vinkovci<br \/>\ntel: \u00a0\u00a0\u00a0 +385 (0)32 530 830, \u017dAT: 32 830<br \/>\nmob:\u00a0 +385 (0)99 3741 701, VPN: 295<br \/>\ne-mail:\u00a0<a href=\"mailto:Tomislav.Kovac@hzinfra.hr\">Tomislav.Kovac@hzinfra.hr<\/a><\/p>\n<p><strong>Dragan Vego, Koordinator ZNR Jug PRJ Gra\u0111evinsko odr\u017eavanje<\/strong><br \/>\nmob. \u00a0098\/348-534, VPN 72888, tel. 020\/685 193, fax. 020\/685 193<br \/>\ne-mail. <a href=\"mailto:vegodragan@gmail.com\">vegodragan@gmail.com<\/a><\/p>\n<p><strong>Marko Petri\u0107, Koordinator ZNR PRJ Sjever Gra\u0111evinsko odr\u017eavanje<\/strong><br \/>\nKoprivnica, Kri\u017eeva\u010dka 69<br \/>\nVPN 7205, Mob.098 248 695<br \/>\ne-mail. <a href=\"mailto:marko.petric@hzinfra.hr\">marko.petric@hzinfra.hr<\/a><\/p>\n<p><strong>\u017deljko Pribani\u0107, Koordinator ZNR PRJ Zapad za odr\u017eavanje SS i TK sustava , EEP i KM<\/strong><br \/>\nRijeka, Kre\u0161imirova 1<br \/>\nmob. 098\/241 966, VPN 72896, tel. 051\/377 016<br \/>\ne-mail. <a href=\"mailto:zeljko.pribanic@hzinfra.hr\">zeljko.pribanic@hzinfra.hr<\/a>;<a href=\"mailto:jpriba12@gmail.com\"> jpriba12@gmail.com<\/a><\/p>\n<p><strong>KREDITI \u2013 SKUP \u2013 Sindikalna kasa uzajamne pomo\u0107i<\/strong><br \/>\n<strong>Marina Zadro<\/strong><br \/>\n<a href=\"https:\/\/maps.google.com\/?q=Zagreb,+Ulica+kneza+Branimira+6&amp;entry=gmail&amp;source=g\">Zagreb, Ulica kneza Branimira 6<\/a><br \/>\ntel: 378 31 78, fax: 378 31 68, mob:\u00a0099\/476 5237, VPN 72837<br \/>\ne-mail:\u00a0<a href=\"mailto:sihz@sihz.hr\">sihz@sihz.hr<\/a>,\u00a0 skup@sihz.hr<br \/>\n<\/p>\n","protected":false},"excerpt":{"rendered":"<p>PREDSJEDNIK\u00a0\u00a0\u2013\u00a0\u00a0Slavko Proleta Zagreb, Ulica kneza Branimira 6 mob. 098\/348 548, VPN 72892, 01\/378 31 78, tel. 01\/4534918 (\u017dAT 14918) fax. 01\/378 31 68 e-mail.\u00a0predsjednik1@sihz.hr;\u00a0Slavko.Proleta@hzinfra.hr;\u00a0slavko.proleta@sihz.hr ZAMJENIK PREDSJEDNIKA &#8211; Dragan Ga\u0161par Djelatnost gra\u0111evinskog odr\u017eavanja,dopredsjednik Zagreb, Ulica kneza Branimira 6 mob. 098\/499-896, VPN 4028, mob. 098\/348 541, VPN 72890, e-mail.\u00a0Dragan.Gaspar@hzinfra.hr,\u00a0dgasp39@gmail.com Djelatnost odr\u017eavanja SS i TK Zdravko Ku\u010dini\u0107, dopredsjednik [&hellip;]<\/p>\n","protected":false},"author":1,"featured_media":0,"parent":275,"menu_order":5,"comment_status":"closed","ping_status":"closed","template":"","meta":{"_links_to":"","_links_to_target":""},"_links":{"self":[{"href":"https:\/\/sihz.hr\/index.php?rest_route=\/wp\/v2\/pages\/338"}],"collection":[{"href":"https:\/\/sihz.hr\/index.php?rest_route=\/wp\/v2\/pages"}],"about":[{"href":"https:\/\/sihz.hr\/index.php?rest_route=\/wp\/v2\/types\/page"}],"author":[{"embeddable":true,"href":"https:\/\/sihz.hr\/index.php?rest_route=\/wp\/v2\/users\/1"}],"replies":[{"embeddable":true,"href":"https:\/\/sihz.hr\/index.php?rest_route=%2Fwp%2Fv2%2Fcomments&post=338"}],"version-history":[{"count":189,"href":"https:\/\/sihz.hr\/index.php?rest_route=\/wp\/v2\/pages\/338\/revisions"}],"predecessor-version":[{"id":9125,"href":"https:\/\/sihz.hr\/index.php?rest_route=\/wp\/v2\/pages\/338\/revisions\/9125"}],"up":[{"embeddable":true,"href":"https:\/\/sihz.hr\/index.php?rest_route=\/wp\/v2\/pages\/275"}],"wp:attachment":[{"href":"https:\/\/sihz.hr\/index.php?rest_route=%2Fwp%2Fv2%2Fmedia&parent=338"}],"curies":[{"name":"wp","href":"https:\/\/api.w.org\/{rel}","templated":true}]}}