{"id":1101,"date":"2011-08-20T22:47:43","date_gmt":"2011-08-20T20:47:43","guid":{"rendered":"http:\/\/www.sihz.hr\/?page_id=1101"},"modified":"2023-11-24T09:44:15","modified_gmt":"2023-11-24T08:44:15","slug":"linkovi","status":"publish","type":"page","link":"https:\/\/sihz.hr\/?page_id=1101","title":{"rendered":"Korisni linkovi"},"content":{"rendered":"<div>Savjetovanja<\/div>\n<ul>\n<li><a href=\"https:\/\/savjetovanja.gov.hr\/\" target=\"_blank\" rel=\"noopener noreferrer\">e-Savjetovanja<\/a><\/li>\n<\/ul>\n<p>EU<\/p>\n<ul>\n<li><a href=\"http:\/\/www.eesc.europa.eu\/?i=portal.hr.home\" target=\"_blank\" rel=\"noopener noreferrer\">Europski gospodarski i socijalni odbor (EGSO)<\/a><\/li>\n<\/ul>\n<p>Dr\u017eavne institucije<\/p>\n<ul>\n<li><a href=\"http:\/\/www.sabor.hr\/\" target=\"_blank\" rel=\"noopener noreferrer\">Sabor RH<\/a><\/li>\n<li><a href=\"http:\/\/www.vlada.hr\/\" target=\"_blank\" rel=\"noopener noreferrer\">Vlada RH <\/a><\/li>\n<li><a href=\"http:\/\/www.dzs.hr\/\" target=\"_blank\" rel=\"noopener noreferrer\">Dr\u017eavni zavod za statistiku<\/a><\/li>\n<li><a href=\"http:\/\/www.hzz.hr\/\" target=\"_blank\" rel=\"noopener noreferrer\">Hrvatski zavod za zapo\u0161ljavanje<\/a><\/li>\n<li><a href=\"https:\/\/www.hakom.hr\/default.aspx?id=3699\" target=\"_blank\" rel=\"noopener noreferrer\">Hrvatska regulatorna agencija za mre\u017ene djelatnosti<\/a><\/li>\n<li><a href=\"http:\/\/www.asz.hr\/\" target=\"_blank\" rel=\"noopener noreferrer\">Agencija za sigurnost \u017eeljezni\u010dkog prometa<\/a><\/li>\n<li><a href=\"http:\/\/azop.hr\/\" target=\"_blank\" rel=\"noopener noreferrer\">Agencija za za\u0161titu osobnih podataka<\/a><\/li>\n<\/ul>\n<p>Ministarstva<\/p>\n<ul>\n<li><a href=\"https:\/\/mmpi.gov.hr\/\" target=\"_blank\" rel=\"noopener\">Ministarstvo mora, prometa i infrastrukture<\/a><\/li>\n<li><a href=\"https:\/\/mrms.gov.hr\/\" target=\"_blank\" rel=\"noopener noreferrer\">Ministarstva rada, mirovinskoga sustava, obitelji i socijalne politike<\/a><\/li>\n<li><a href=\"https:\/\/mfin.gov.hr\/\" target=\"_blank\" rel=\"noopener noreferrer\">Ministarstvo financija<\/a><\/li>\n<\/ul>\n<p>Institucije<\/p>\n<ul>\n<li><a href=\"http:\/\/www.socijalno-partnerstvo.hr\/\" target=\"_blank\" rel=\"noopener noreferrer\">Samostalna slu\u017eba za socijalno partnerstvo<\/a><\/li>\n<li><a href=\"http:\/\/www.regos.hr\/\" target=\"_blank\" rel=\"noopener noreferrer\">REGOS <\/a><\/li>\n<li><a href=\"http:\/\/www.ilo.org\/global\/lang--en\/index.htm\" target=\"_blank\" rel=\"noopener noreferrer\">Me\u0111unarodna organizacija rada <\/a><\/li>\n<li><a href=\"http:\/\/www.hup.hr\/\" target=\"_blank\" rel=\"noopener noreferrer\">Hrvatska udruga poslodavaca <\/a><\/li>\n<li><a href=\"http:\/\/www.hgk.hr\" target=\"_blank\" rel=\"noopener noreferrer\">Hrvatska gospodarska komora <\/a><\/li>\n<li><a href=\"http:\/\/zuznr.hr\/\" target=\"_blank\" rel=\"noopener noreferrer\">Zavod za unapre\u0111ivanje za\u0161tite na radu<\/a><\/li>\n<\/ul>\n<p>Sindikati na H\u017d-u<\/p>\n<ul>\n<li><a href=\"http:\/\/www.szh.hr\/\" target=\"_blank\" rel=\"noopener noreferrer\">S\u017dH <\/a><\/li>\n<li><a href=\"http:\/\/www.spvh.hr\/\" target=\"_blank\" rel=\"noopener noreferrer\">SPVH <\/a><\/li>\n<li><a href=\"http:\/\/www.ssh.hr\/\" target=\"_blank\" rel=\"noopener noreferrer\">SSH <\/a><\/li>\n<li><a href=\"http:\/\/www.shz.hr\/\" target=\"_parent\" rel=\"noopener noreferrer\">SH\u017d <\/a><\/li>\n<\/ul>\n<p>Sindikalne centrale<\/p>\n<ul>\n<li><a href=\"http:\/\/www.nhs.hr\/\" target=\"_blank\" rel=\"noopener noreferrer\">NHS<\/a><\/li>\n<li><a href=\"http:\/\/www.sssh.hr\/\" target=\"_blank\" rel=\"noopener noreferrer\">SSSH <\/a><\/li>\n<li><a href=\"http:\/\/www.matica-sindikata.hr\/\" target=\"_blank\" rel=\"noopener noreferrer\">Matica hrvatskih sindikata<\/a><\/li>\n<li><a href=\"http:\/\/www.etuc.org\/\" target=\"_blank\" rel=\"noopener noreferrer\">ETUC<\/a><\/li>\n<\/ul>\n<p>Izdvojena dru\u0161tva<\/p>\n<ul>\n<li><a href=\"http:\/\/www.prg.hr\/\" target=\"_blank\" rel=\"noopener noreferrer\">Pru\u017ene gra\u0111evine<\/a><\/li>\n<\/ul>\n<p>Portali<\/p>\n<ul>\n<li><a href=\"http:\/\/www.google.hr\" target=\"_blank\" rel=\"noopener noreferrer\">Google<\/a><\/li>\n<\/ul>\n<p>Javna glasila<\/p>\n<ul>\n<li><a href=\"http:\/\/www.vecernji.hr\/\" target=\"_blank\" rel=\"noopener noreferrer\">Ve\u010dernji list <\/a><\/li>\n<li><a href=\"http:\/\/www.jutarnji.hr\" target=\"_blank\" rel=\"noopener noreferrer\">Jutarnji list<\/a><\/li>\n<li><a href=\"https:\/\/www.lider.media\/\" target=\"_blank\" rel=\"noopener noreferrer\">Lider.media<\/a><\/li>\n<li><a href=\"http:\/\/dnevnik.hr\/\" target=\"_blank\" rel=\"noopener noreferrer\">Dnevnik <\/a><\/li>\n<li><a href=\"http:\/\/www.poslovni.hr\/\" target=\"_blank\" rel=\"noopener noreferrer\">Poslovni dnevnik<\/a><\/li>\n<li><a href=\"http:\/\/www.index.hr\" target=\"_blank\" rel=\"noopener noreferrer\">Index.hr<\/a><\/li>\n<\/ul>\n\n","protected":false},"excerpt":{"rendered":"<p>Savjetovanja e-Savjetovanja EU Europski gospodarski i socijalni odbor (EGSO) Dr\u017eavne institucije Sabor RH Vlada RH Dr\u017eavni zavod za statistiku Hrvatski zavod za zapo\u0161ljavanje Hrvatska regulatorna agencija za mre\u017ene djelatnosti Agencija za sigurnost \u017eeljezni\u010dkog prometa Agencija za za\u0161titu osobnih podataka Ministarstva Ministarstvo mora, prometa i infrastrukture Ministarstva rada, mirovinskoga sustava, obitelji i socijalne politike Ministarstvo financija [&hellip;]<\/p>\n","protected":false},"author":1,"featured_media":0,"parent":275,"menu_order":9,"comment_status":"open","ping_status":"open","template":"","meta":{"_links_to":"","_links_to_target":""},"_links":{"self":[{"href":"https:\/\/sihz.hr\/index.php?rest_route=\/wp\/v2\/pages\/1101"}],"collection":[{"href":"https:\/\/sihz.hr\/index.php?rest_route=\/wp\/v2\/pages"}],"about":[{"href":"https:\/\/sihz.hr\/index.php?rest_route=\/wp\/v2\/types\/page"}],"author":[{"embeddable":true,"href":"https:\/\/sihz.hr\/index.php?rest_route=\/wp\/v2\/users\/1"}],"replies":[{"embeddable":true,"href":"https:\/\/sihz.hr\/index.php?rest_route=%2Fwp%2Fv2%2Fcomments&post=1101"}],"version-history":[{"count":57,"href":"https:\/\/sihz.hr\/index.php?rest_route=\/wp\/v2\/pages\/1101\/revisions"}],"predecessor-version":[{"id":8288,"href":"https:\/\/sihz.hr\/index.php?rest_route=\/wp\/v2\/pages\/1101\/revisions\/8288"}],"up":[{"embeddable":true,"href":"https:\/\/sihz.hr\/index.php?rest_route=\/wp\/v2\/pages\/275"}],"wp:attachment":[{"href":"https:\/\/sihz.hr\/index.php?rest_route=%2Fwp%2Fv2%2Fmedia&parent=1101"}],"curies":[{"name":"wp","href":"https:\/\/api.w.org\/{rel}","templated":true}]}}